{"id":12,"date":"2020-04-15T17:31:21","date_gmt":"2020-04-15T15:31:21","guid":{"rendered":"https:\/\/www.portaknm.sk\/?page_id=12"},"modified":"2023-10-16T15:16:18","modified_gmt":"2023-10-16T13:16:18","slug":"kontakt","status":"publish","type":"page","link":"https:\/\/www.portaknm.sk\/?page_id=12","title":{"rendered":"Kontakt"},"content":{"rendered":"\n<p class=\"has-normal-font-size\">Objedn\u00e1vky 0907 308 303<\/p>\n\n\n\n<p>E-mail: <a href=\"mailto:porta@portaknm.sk\" target=\"_blank\" rel=\"noreferrer noopener\">porta@portaknm.sk<\/a><\/p>\n\n\n\n<p>Miroslav Ml\u00edch &#8211; M-SERVIS<\/p>\n\n\n\n<div class=\"wp-block-group\"><div class=\"wp-block-group__inner-container is-layout-flow wp-block-group-is-layout-flow\">\n<p class=\"has-small-font-size\">Hviezdoslavova 1188, 024 01  Kysuck\u00e9 Nov\u00e9 Mesto; I\u010cO: 34592296, DI\u010c: 1021208232, I\u010cDPH: SK1021208232; \u017divnostensk\u00fd register \u017dilina, \u010d. 504-10794<\/p>\n<\/div><\/div>\n\n\n\n<p>Prev\u00e1dzka:<\/p>\n\n\n\n<p class=\"has-small-font-size\">Belansk\u00e9ho 195\/15, 024 01  Kysuck\u00e9 Nov\u00e9 Mesto<\/p>\n\n\n<p><iframe loading=\"lazy\" src=\"https:\/\/www.google.com\/maps\/embed?pb=!1m18!1m12!1m3!1d1346.9069499818988!2d18.786242311630776!3d49.30316950549636!2m3!1f0!2f0!3f0!3m2!1i1024!2i768!4f13.1!3m3!1m2!1s0x471443474795d211%3A0xc4ab4c322a3ce445!2sCaffe%20Porta!5e0!3m2!1ssk!2ssk!4v1587292525608!5m2!1ssk!2ssk\" width=\"600\" height=\"450\" frameborder=\"0\" style=\"border:0;\" allowfullscreen=\"\" aria-hidden=\"false\" tabindex=\"0\"><\/iframe><\/p>\n","protected":false},"excerpt":{"rendered":"<p>Objedn\u00e1vky 0907 308 303 E-mail: porta@portaknm.sk Miroslav Ml\u00edch &#8211; M-SERVIS Hviezdoslavova 1188, 024 01 Kysuck\u00e9 Nov\u00e9 Mesto; I\u010cO: 34592296, DI\u010c: 1021208232, I\u010cDPH: SK1021208232; \u017divnostensk\u00fd register \u017dilina, \u010d. 504-10794 Prev\u00e1dzka: Belansk\u00e9ho 195\/15, 024 01 Kysuck\u00e9 Nov\u00e9 Mesto<\/p>\n","protected":false},"author":1,"featured_media":0,"parent":0,"menu_order":0,"comment_status":"closed","ping_status":"closed","template":"","meta":{"footnotes":""},"class_list":["post-12","page","type-page","status-publish","hentry"],"_links":{"self":[{"href":"https:\/\/www.portaknm.sk\/index.php?rest_route=\/wp\/v2\/pages\/12","targetHints":{"allow":["GET"]}}],"collection":[{"href":"https:\/\/www.portaknm.sk\/index.php?rest_route=\/wp\/v2\/pages"}],"about":[{"href":"https:\/\/www.portaknm.sk\/index.php?rest_route=\/wp\/v2\/types\/page"}],"author":[{"embeddable":true,"href":"https:\/\/www.portaknm.sk\/index.php?rest_route=\/wp\/v2\/users\/1"}],"replies":[{"embeddable":true,"href":"https:\/\/www.portaknm.sk\/index.php?rest_route=%2Fwp%2Fv2%2Fcomments&post=12"}],"version-history":[{"count":18,"href":"https:\/\/www.portaknm.sk\/index.php?rest_route=\/wp\/v2\/pages\/12\/revisions"}],"predecessor-version":[{"id":838,"href":"https:\/\/www.portaknm.sk\/index.php?rest_route=\/wp\/v2\/pages\/12\/revisions\/838"}],"wp:attachment":[{"href":"https:\/\/www.portaknm.sk\/index.php?rest_route=%2Fwp%2Fv2%2Fmedia&parent=12"}],"curies":[{"name":"wp","href":"https:\/\/api.w.org\/{rel}","templated":true}]}}